{"id":24,"date":"2026-01-02T20:28:19","date_gmt":"2026-01-02T17:28:19","guid":{"rendered":"https:\/\/iys.demirmete.com.tr\/?page_id=24"},"modified":"2026-01-03T13:23:32","modified_gmt":"2026-01-03T10:23:32","slug":"ana-sayfa-2","status":"publish","type":"page","link":"https:\/\/iys.demirmete.com.tr\/","title":{"rendered":"Ana Sayfa"},"content":{"rendered":"\n<h2 class=\"wp-block-heading has-x-large-font-size\"><strong>Merhaba, ben Mete DEM\u0130R<\/strong><\/h2>\n\n\n\n<p class=\"has-medium-font-size\">Ben Mete Demir. Adnan Menderes \u00dcniversitesi&#8217;nde Bilgisayar Programc\u0131l\u0131\u011f\u0131 b\u00f6l\u00fcm\u00fcnde \u00f6\u011frenim g\u00f6ren ve web teknolojilerine ilgi duyan bir \u00f6\u011frenciyim. Bu ki\u015fisel web sitesinde e\u011fitim hayat\u0131m\u0131, projelerimi, ilgi alanlar\u0131m\u0131 ve blog yaz\u0131lar\u0131m\u0131 bir araya getiriyorum.<\/p>\n\n\n\n<p class=\"has-medium-font-size\">Amac\u0131m; hem ders kapsam\u0131nda \u00f6\u011frendiklerimi uygulamak hem de kendimi tan\u0131tan profesyonel bir dijital kartvizit olu\u015fturmak.<\/p>\n\n\n\n<figure class=\"wp-block-image size-large\"><img decoding=\"async\" src=\"https:\/\/demirmete.com.tr\/webtasar%C4%B1m.jpg\" alt=\"\"\/><\/figure>\n\n\n\n<details class=\"wp-block-details is-style-default has-large-font-size is-layout-flow wp-container-core-details-is-layout-8a368f38 wp-block-details-is-layout-flow\"><summary><strong>Son Yaz\u0131lanlar<\/strong><\/summary><ul class=\"wp-block-latest-posts__list has-dates wp-block-latest-posts has-medium-font-size\"><li><a class=\"wp-block-latest-posts__post-title\" href=\"https:\/\/iys.demirmete.com.tr\/index.php\/2026\/01\/03\/gunumuzde-populer-web-teknolojileri\/\">G\u00fcn\u00fcm\u00fczde Pop\u00fcler Web Teknolojileri<\/a><time datetime=\"2026-01-03T01:47:00+03:00\" class=\"wp-block-latest-posts__post-date\">3 Ocak 2026<\/time><\/li>\n<li><a class=\"wp-block-latest-posts__post-title\" href=\"https:\/\/iys.demirmete.com.tr\/index.php\/2026\/01\/03\/restoran-otomasyon-sistemlerinin-onemi\/\">Restoran Otomasyon Sistemlerinin \u00d6nemi<\/a><time datetime=\"2026-01-03T01:46:31+03:00\" class=\"wp-block-latest-posts__post-date\">3 Ocak 2026<\/time><\/li>\n<li><a class=\"wp-block-latest-posts__post-title\" href=\"https:\/\/iys.demirmete.com.tr\/index.php\/2026\/01\/03\/neden-wordpress-ile-calismayi-seviyorum\/\">Neden WordPress ile \u00c7al\u0131\u015fmay\u0131 Seviyorum?<\/a><time datetime=\"2026-01-03T01:45:45+03:00\" class=\"wp-block-latest-posts__post-date\">3 Ocak 2026<\/time><\/li>\n<\/ul><\/details>\n\n\n\n<div class=\"wp-block-group has-global-padding is-layout-constrained wp-block-group-is-layout-constrained\">\n<p class=\"has-large-font-size\">Yapt\u0131\u011f\u0131m projeleri g\u00f6rmek ister misiniz?<\/p>\n\n\n\n<div class=\"wp-block-buttons is-layout-flex wp-block-buttons-is-layout-flex\">\n<div class=\"wp-block-button has-custom-width wp-block-button__width-25 is-style-fill\"><a class=\"wp-block-button__link wp-element-button\" href=\"https:\/\/iys.demirmete.com.tr\/index.php\/projelerim\/\">Projelerimi G\u00f6r<\/a><\/div>\n<\/div>\n<\/div>\n\n\n\n<p><\/p>\n","protected":false},"excerpt":{"rendered":"<p>Merhaba, ben Mete DEM\u0130R Ben Mete Demir. Adnan Menderes \u00dcniversitesi&#8217;nde Bilgisayar Programc\u0131l\u0131\u011f\u0131 b\u00f6l\u00fcm\u00fcnde \u00f6\u011frenim g\u00f6ren ve web teknolojilerine ilgi duyan bir \u00f6\u011frenciyim. Bu ki\u015fisel web sitesinde e\u011fitim hayat\u0131m\u0131, projelerimi, ilgi alanlar\u0131m\u0131 ve blog yaz\u0131lar\u0131m\u0131 bir araya getiriyorum. Amac\u0131m; hem ders kapsam\u0131nda \u00f6\u011frendiklerimi uygulamak hem de kendimi tan\u0131tan profesyonel bir dijital kartvizit olu\u015fturmak. Yapt\u0131\u011f\u0131m projeleri g\u00f6rmek [&hellip;]<\/p>\n","protected":false},"author":1,"featured_media":0,"parent":0,"menu_order":0,"comment_status":"closed","ping_status":"closed","template":"","meta":{"footnotes":""},"class_list":["post-24","page","type-page","status-publish","hentry"],"_links":{"self":[{"href":"https:\/\/iys.demirmete.com.tr\/index.php\/wp-json\/wp\/v2\/pages\/24","targetHints":{"allow":["GET"]}}],"collection":[{"href":"https:\/\/iys.demirmete.com.tr\/index.php\/wp-json\/wp\/v2\/pages"}],"about":[{"href":"https:\/\/iys.demirmete.com.tr\/index.php\/wp-json\/wp\/v2\/types\/page"}],"author":[{"embeddable":true,"href":"https:\/\/iys.demirmete.com.tr\/index.php\/wp-json\/wp\/v2\/users\/1"}],"replies":[{"embeddable":true,"href":"https:\/\/iys.demirmete.com.tr\/index.php\/wp-json\/wp\/v2\/comments?post=24"}],"version-history":[{"count":6,"href":"https:\/\/iys.demirmete.com.tr\/index.php\/wp-json\/wp\/v2\/pages\/24\/revisions"}],"predecessor-version":[{"id":94,"href":"https:\/\/iys.demirmete.com.tr\/index.php\/wp-json\/wp\/v2\/pages\/24\/revisions\/94"}],"wp:attachment":[{"href":"https:\/\/iys.demirmete.com.tr\/index.php\/wp-json\/wp\/v2\/media?parent=24"}],"curies":[{"name":"wp","href":"https:\/\/api.w.org\/{rel}","templated":true}]}}