{"id":103,"date":"2026-01-03T14:49:00","date_gmt":"2026-01-03T11:49:00","guid":{"rendered":"https:\/\/iys.demirmete.com.tr\/?page_id=103"},"modified":"2026-01-03T15:22:42","modified_gmt":"2026-01-03T12:22:42","slug":"adu","status":"publish","type":"page","link":"https:\/\/iys.demirmete.com.tr\/index.php\/adu\/","title":{"rendered":"AD\u00dc"},"content":{"rendered":"\n<p>Bu sayfada, \u00f6\u011frenim g\u00f6rd\u00fc\u011f\u00fcm Adnan Menderes \u00dcniversitesi hakk\u0131nda k\u0131sa bilgiler, okudu\u011fum b\u00f6l\u00fcm ve kamp\u00fcs ya\u015fam\u0131na dair birka\u00e7 not payla\u015f\u0131yorum.<\/p>\n\n\n\n<h2 class=\"wp-block-heading\" style=\"padding-top:var(--wp--preset--spacing--30);padding-bottom:var(--wp--preset--spacing--30)\">Adnan Menderes \u00dcniversitesi Hakk\u0131nda<\/h2>\n\n\n\n<figure class=\"wp-block-gallery alignwide has-nested-images columns-default is-cropped wp-block-gallery-1 is-layout-flex wp-block-gallery-is-layout-flex\">\n<figure class=\"wp-block-image size-large\"><img decoding=\"async\" src=\"https:\/\/orkungok.com.tr\/3.jpg\" alt=\"K\u0131y\u0131ya \u00e7arpan dalgalar\u0131n havadan g\u00f6r\u00fcnt\u00fcs\u00fc.\"\/><\/figure>\n\n\n\n<figure class=\"wp-block-image size-large has-custom-border\" style=\"margin-top:0;margin-right:0;margin-bottom:0;margin-left:0\"><img decoding=\"async\" src=\"https:\/\/haber.adu.edu.tr\/webfolders\/haber\/kapak\/20251231184303-MAGE20251231AT183202-000026403113404454168802.jpeg\" style=\"border-style:none;border-width:0px;border-radius:0px\"\/><\/figure>\n<\/figure>\n\n\n\n<figure class=\"wp-block-gallery alignwide has-nested-images columns-default is-cropped wp-block-gallery-2 is-layout-flex wp-block-gallery-is-layout-flex\">\n<figure class=\"wp-block-image size-large\" style=\"margin-top:var(--wp--preset--spacing--20);margin-bottom:var(--wp--preset--spacing--20)\"><img decoding=\"async\" src=\"https:\/\/avatars.mds.yandex.net\/get-altay\/1651981\/2a0000016e6459e6a3d15faf753df44fd40c\/orig\" alt=\"K\u0131y\u0131ya \u00e7arpan dalgalar\u0131n havadan g\u00f6r\u00fcnt\u00fcs\u00fc.\"\/><\/figure>\n\n\n\n<figure class=\"wp-block-image size-large\" style=\"margin-top:var(--wp--preset--spacing--20);margin-bottom:var(--wp--preset--spacing--20)\"><img decoding=\"async\" src=\"https:\/\/orkungok.com.tr\/1.jpg\" alt=\"Bir alan\u0131n havadan g\u00f6r\u00fcn\u00fcm\u00fc. Sa\u011f \u00fcst k\u00f6\u015feden bir yol ge\u00e7iyor.\"\/><\/figure>\n<\/figure>\n\n\n\n<p>Adnan Menderes \u00dcniversitesi, Ayd\u0131n ilinde bulunan k\u00f6kl\u00fc bir devlet \u00fcniversitesidir. Farkl\u0131 fak\u00fclte ve y\u00fcksekokullarda on binlerce \u00f6\u011frenciye e\u011fitim vermektedir. Geni\u015f kamp\u00fcs alanlar\u0131, sosyal imk\u00e2nlar\u0131 ve akademik kadrosuyla Ege B\u00f6lgesi\u2019nin \u00f6nemli \u00fcniversiteleri aras\u0131nda yer al\u0131r.<\/p>\n\n\n\n<p>\u00dcniversitenin sundu\u011fu olanaklar aras\u0131nda k\u00fct\u00fcphane, laboratuvarlar, spor tesisleri, \u00f6\u011frenci kul\u00fcpleri ve \u00e7e\u015fitli sosyal etkinlikler bulunmaktad\u0131r.<\/p>\n\n\n\n<p><\/p>\n\n\n\n<p><\/p>\n\n\n\n<h2 class=\"wp-block-heading\">Bilgisayar Programc\u0131l\u0131\u011f\u0131 B\u00f6l\u00fcm\u00fc<\/h2>\n\n\n\n<p><\/p>\n\n\n\n<p>Bilgisayar Programc\u0131l\u0131\u011f\u0131 b\u00f6l\u00fcm\u00fcnde; temel programlama mant\u0131\u011f\u0131, veritaban\u0131 sistemleri, web tasar\u0131m\u0131, i\u00e7erik y\u00f6netim sistemleri, a\u011f temelleri gibi dersler al\u0131yorum.<\/p>\n\n\n\n<p>\u00d6zellikle web teknolojileri alan\u0131na ilgi duydu\u011fum i\u00e7in HTML, CSS, WordPress ve temel yaz\u0131l\u0131m geli\u015ftirme dersleri benim i\u00e7in hem e\u011flenceli hem de \u00f6\u011fretici oluyor. Bu site de, b\u00f6l\u00fcm derslerinden biri olan \u0130\u00e7erik Y\u00f6netim Sistemleri I kapsam\u0131nda haz\u0131rlad\u0131\u011f\u0131m bir projedir.<\/p>\n\n\n\n<p><\/p>\n\n\n\n<p><\/p>\n\n\n\n<h2 class=\"wp-block-heading\">Kamp\u00fcs Ya\u015fam\u0131ndan K\u0131sa Notlar<\/h2>\n\n\n\n<p><\/p>\n\n\n\n<ul class=\"wp-block-list\">\n<li>Ders aralar\u0131nda arkada\u015flarla birlikte kamp\u00fcs i\u00e7indeki kafelerde vakit ge\u00e7iriyorum.<\/li>\n\n\n\n<li>K\u00fct\u00fcphaneyi hem ders \u00e7al\u0131\u015fmak hem de proje haz\u0131rlamak i\u00e7in s\u0131k s\u0131k kullan\u0131yorum.<\/li>\n\n\n\n<li>\u00dcniversitede d\u00fczenlenen seminer ve etkinliklere kat\u0131larak hem teknik bilgilerimi hem de sosyal \u00e7evremi geli\u015ftirmeye \u00e7al\u0131\u015f\u0131yorum.<\/li>\n<\/ul>\n\n\n\n<p><\/p>\n","protected":false},"excerpt":{"rendered":"<p>Bu sayfada, \u00f6\u011frenim g\u00f6rd\u00fc\u011f\u00fcm Adnan Menderes \u00dcniversitesi hakk\u0131nda k\u0131sa bilgiler, okudu\u011fum b\u00f6l\u00fcm ve kamp\u00fcs ya\u015fam\u0131na dair birka\u00e7 not payla\u015f\u0131yorum. Adnan Menderes \u00dcniversitesi Hakk\u0131nda Adnan Menderes \u00dcniversitesi, Ayd\u0131n ilinde bulunan k\u00f6kl\u00fc bir devlet \u00fcniversitesidir. Farkl\u0131 fak\u00fclte ve y\u00fcksekokullarda on binlerce \u00f6\u011frenciye e\u011fitim vermektedir. Geni\u015f kamp\u00fcs alanlar\u0131, sosyal imk\u00e2nlar\u0131 ve akademik kadrosuyla Ege B\u00f6lgesi\u2019nin \u00f6nemli \u00fcniversiteleri aras\u0131nda [&hellip;]<\/p>\n","protected":false},"author":1,"featured_media":0,"parent":0,"menu_order":0,"comment_status":"closed","ping_status":"closed","template":"","meta":{"footnotes":""},"class_list":["post-103","page","type-page","status-publish","hentry"],"_links":{"self":[{"href":"https:\/\/iys.demirmete.com.tr\/index.php\/wp-json\/wp\/v2\/pages\/103","targetHints":{"allow":["GET"]}}],"collection":[{"href":"https:\/\/iys.demirmete.com.tr\/index.php\/wp-json\/wp\/v2\/pages"}],"about":[{"href":"https:\/\/iys.demirmete.com.tr\/index.php\/wp-json\/wp\/v2\/types\/page"}],"author":[{"embeddable":true,"href":"https:\/\/iys.demirmete.com.tr\/index.php\/wp-json\/wp\/v2\/users\/1"}],"replies":[{"embeddable":true,"href":"https:\/\/iys.demirmete.com.tr\/index.php\/wp-json\/wp\/v2\/comments?post=103"}],"version-history":[{"count":4,"href":"https:\/\/iys.demirmete.com.tr\/index.php\/wp-json\/wp\/v2\/pages\/103\/revisions"}],"predecessor-version":[{"id":112,"href":"https:\/\/iys.demirmete.com.tr\/index.php\/wp-json\/wp\/v2\/pages\/103\/revisions\/112"}],"wp:attachment":[{"href":"https:\/\/iys.demirmete.com.tr\/index.php\/wp-json\/wp\/v2\/media?parent=103"}],"curies":[{"name":"wp","href":"https:\/\/api.w.org\/{rel}","templated":true}]}}